{"id":567,"date":"2024-02-20T10:05:47","date_gmt":"2024-02-20T08:05:47","guid":{"rendered":"https:\/\/darkorchid-pheasant-348047.hostingersite.com\/?page_id=567"},"modified":"2024-02-20T10:10:48","modified_gmt":"2024-02-20T08:10:48","slug":"biskvitki","status":"publish","type":"page","link":"https:\/\/oncology.bg\/de\/biskvitki\/","title":{"rendered":"Cookies"},"content":{"rendered":"<div data-elementor-type=\"wp-page\" data-elementor-id=\"567\" class=\"elementor elementor-567\" data-elementor-post-type=\"page\">\n\t\t\t\t<div class=\"elementor-element elementor-element-a9fb0ba e-flex e-con-boxed e-con e-parent\" data-id=\"a9fb0ba\" data-element_type=\"container\">\n\t\t\t\t\t<div class=\"e-con-inner\">\n\t\t<div class=\"elementor-element elementor-element-a7b8955 e-flex e-con-boxed e-con e-child\" data-id=\"a7b8955\" data-element_type=\"container\">\n\t\t\t\t\t<div class=\"e-con-inner\">\n\t\t\t\t<div class=\"elementor-element elementor-element-68a635c elementor-widget elementor-widget-heading\" data-id=\"68a635c\" data-element_type=\"widget\" data-widget_type=\"heading.default\">\n\t\t\t\t<div class=\"elementor-widget-container\">\n\t\t\t\t\t<h1 class=\"elementor-heading-title elementor-size-default\">Cookies<\/h1>\t\t\t\t<\/div>\n\t\t\t\t<\/div>\n\t\t\t\t\t<\/div>\n\t\t\t\t<\/div>\n\t\t\t\t\t<\/div>\n\t\t\t\t<\/div>\n\t\t<div class=\"elementor-element elementor-element-1efaae1 e-flex e-con-boxed e-con e-parent\" data-id=\"1efaae1\" data-element_type=\"container\">\n\t\t\t\t\t<div class=\"e-con-inner\">\n\t\t<div class=\"elementor-element elementor-element-0c48e3b e-flex e-con-boxed e-con e-child\" data-id=\"0c48e3b\" data-element_type=\"container\">\n\t\t\t\t\t<div class=\"e-con-inner\">\n\t\t\t\t<div class=\"elementor-element elementor-element-5aa89d7 elementor-widget elementor-widget-text-editor\" data-id=\"5aa89d7\" data-element_type=\"widget\" data-widget_type=\"text-editor.default\">\n\t\t\t\t<div class=\"elementor-widget-container\">\n\t\t\t\t\t\t\t\t\t<p><span style=\"font-weight: 400;\">Diese Richtlinie soll Sie dar\u00fcber informieren, warum wir Cookies verwenden, was sie bewirken und welche Wahlm\u00f6glichkeiten Sie in Bezug auf ihre Verwendung haben.<\/span><\/p><h2><span style=\"font-weight: 400;\">Was sind Cookies?<\/span><\/h2><p><span style=\"font-weight: 400;\">Cookies sind kleine Textdateien, die bei Anfragen Ihres Browsers an unseren Webserver erzeugt und auf Ihrem Ger\u00e4t gespeichert werden. Ihr Zweck ist es in der Regel, uns zu erm\u00f6glichen, Ihr Ger\u00e4t und sein Verhalten zu identifizieren, wenn Sie unsere Websites besuchen.<\/span><\/p><p><span style=\"font-weight: 400;\">Es gibt zwei Arten von Cookies - permanente und tempor\u00e4re (Sitzungscookies).<\/span><\/p><p><span style=\"font-weight: 400;\">Sitzungs-Cookies werden vor\u00fcbergehend auf Ihrem Computer gespeichert, wenn Sie unsere Website besuchen, werden aber gel\u00f6scht, sobald Sie die Seite schlie\u00dfen.<\/span><\/p><p><span style=\"font-weight: 400;\">Dauerhafte Cookies werden als Datei auf Ihrem Computer oder Mobilger\u00e4t f\u00fcr einen l\u00e4ngeren Zeitraum gespeichert.<\/span><\/p><p><span style=\"font-weight: 400;\">Mit Ausnahme von Cookies, die f\u00fcr das Funktionieren unserer Website erforderlich sind, speichern wir Cookies auf Ihrem Ger\u00e4t nur mit Ihrer Zustimmung. Wenn Sie keine Cookies akzeptieren m\u00f6chten, k\u00f6nnen Sie Ihre Browsereinstellungen anpassen - weitere Informationen dazu finden Sie am Ende dieses Dokuments.<\/span><\/p><p><span style=\"font-weight: 400;\">Wenn Sie es vorziehen, beim Surfen auf unserer Website keine Cookies zu erhalten, k\u00f6nnen Sie diese ablehnen, indem Sie Ihren Internetbrowser so einstellen, dass er Sie warnt, bevor Sie ein Cookie akzeptieren, oder dass er Cookies ablehnt, wenn Ihr Internetbrowser Sie auf deren Vorhandensein hinweist. Sie k\u00f6nnen auch alle Cookies ablehnen, indem Sie sie in den Einstellungen Ihres Internetbrowsers deaktivieren. Beachten Sie, dass die Deaktivierung von Cookies die Funktionalit\u00e4t dieser und vieler anderer Websites, die Sie besuchen, beeintr\u00e4chtigen wird. Die Deaktivierung von Cookies f\u00fchrt in der Regel auch dazu, dass bestimmte Funktionen unserer Website deaktiviert werden.<\/span><\/p><h2><span style=\"font-weight: 400;\">Wie werden Cookies gel\u00f6scht?<\/span><\/h2><p><span style=\"font-weight: 400;\">Sie wissen, wann und ob Ihr Browser Cookies erh\u00e4lt, da er Sie bei Ihrem ersten Besuch darauf hinweist. Auf diese Weise haben Sie die M\u00f6glichkeit, ein Cookie zu akzeptieren oder abzulehnen.<\/span><\/p><p><span style=\"font-weight: 400;\">M\u00f6glicherweise ist Ihr Browser so eingestellt, dass er alle Cookies ablehnt. Wenn Sie wissen m\u00f6chten, wie Sie dies tun k\u00f6nnen, besuchen Sie http:\/\/www.allaboutcookies.org\/\u0438\u043b\u0438 Microsoft Cookie Guide https:\/\/support.microsoft.com\/en-us\/help\/260971\/description-of-cookies.<\/span><\/p><p><span style=\"font-weight: 400;\">Bitte beachten Sie, dass \u00c4nderungen an Ihrem Browser, die die Cookie-Funktion deaktivieren, dazu f\u00fchren k\u00f6nnen, dass die Website nicht mehr richtig funktioniert.<\/span><\/p><p><span style=\"font-weight: 400;\">Sie k\u00f6nnen w\u00e4hlen, welche Cookies Sie zulassen oder nicht zulassen wollen, indem Sie die entsprechenden Einstellungsseiten Ihres Browsers aufrufen:<\/span><\/p><p><span style=\"font-weight: 400;\">Internet Explorer Cookie-Einstellungen: https:\/\/support.microsoft.com\/en-us\/help\/17442\/windows-internet-explorer-delete-manage-cookies#ie=ie-10<\/span><\/p><p><span style=\"font-weight: 400;\">Cookie-Einstellungen f\u00fcr Chrome: https:\/\/support.google.com\/chrome\/answer\/95647?hl=en&amp;ref_topic=14666<\/span><\/p><p><span style=\"font-weight: 400;\">Safari Web-Cookie-Einstellungen https:\/\/support.apple.com\/kb\/PH17191?locale=en_US und iOS https:\/\/support.apple.com\/en-us\/HT201265 .<\/span><\/p><h2><span style=\"font-weight: 400;\">Unbedingt notwendige Cookies<\/span><\/h2><p><span style=\"font-weight: 400;\">Bestimmte Cookies sind notwendig, damit wir unsere Dienste auf sichere Weise \u00fcber die Website anbieten k\u00f6nnen. Zu dieser Kategorie geh\u00f6ren z.B.:<\/span><\/p><p><span style=\"font-weight: 400;\">- Cookies, die unsere Nutzer identifizieren oder authentifizieren;<\/span><\/p><p><span style=\"font-weight: 400;\">- Cookies, die bestimmte Nutzerdaten (z.B. den Inhalt eines Online-Formulars) vor\u00fcbergehend speichern;<\/span><\/p><p><span style=\"font-weight: 400;\">- Cookies, die bestimmte Benutzereinstellungen speichern (z. B. Sucheinstellungen oder Spracheinstellungen);<\/span><\/p><p><span style=\"font-weight: 400;\">- Cookies, die Daten speichern, um eine ununterbrochene Wiedergabe von Video- oder Audioinhalten zu gew\u00e4hrleisten.<\/span><\/p><h2><span style=\"font-weight: 400;\">Analytische Cookies<\/span><\/h2><p><span style=\"font-weight: 400;\">Wir verwenden analytische Cookies, um das Nutzerverhalten (z.B. Klicks auf Werbebanner, eingegebene Suchanfragen) zu erfassen und statistisch auszuwerten.<\/span><\/p><h2><span style=\"font-weight: 400;\">Werbe-Cookies<\/span><\/h2><p><span style=\"font-weight: 400;\">Wir verwenden Cookies auch f\u00fcr Werbezwecke. Mit Hilfe solcher Cookies erstellte Profile des Nutzerverhaltens (z. B. Klicks auf Werbebanner, besuchte Unterseiten, eingegebene Suchanfragen) werden von uns verwendet, um Ihnen auf Ihre Interessen zugeschnittene Werbung oder Angebote zu zeigen (\"interessenbasierte Werbung\").<\/span><\/p><h2><span style=\"font-weight: 400;\">Werbe-Cookies von Dritten<\/span><\/h2><p><span style=\"font-weight: 400;\">Wir erlauben auch anderen Unternehmen, die Daten unserer Nutzer durch Werbe-Cookies auszuwerten. Dies erm\u00f6glicht es uns und Dritten, unseren Webseiten-Nutzern interessenbezogene Werbung zu schalten, die auf einer Analyse Ihres Nutzungsverhaltens (z. B. Klicks auf Werbebanner, besuchte Unterseiten, eingegebene Suchanfragen) basiert und nicht auf unsere Online-Angebote beschr\u00e4nkt ist.<\/span><\/p><h2><span style=\"font-weight: 400;\">\"Cookies bei Weiterleitung<\/span><\/h2><p><span style=\"font-weight: 400;\">Unsere Referral-Tracking-Partner setzen Cookies auf Ihrem Computer (\"Referral-Cookie\"), wenn Sie \u00fcber eine Anzeige des jeweiligen Partners auf unsere Website gelangt sind. Diese Cookies verlieren in der Regel nach 30 Tagen ihre G\u00fcltigkeit. F\u00fcr den Fall, dass Sie bestimmte von uns gehostete Seiten besuchen und das Cookie noch nicht abgelaufen ist, k\u00f6nnen wir und der jeweilige Conversion-Tracking-Partner erkennen, dass ein bestimmter Nutzer auf die Anzeige geklickt hat und auf unsere Seite verwiesen wurde. Die vom Verweis-Cookie gesammelten Informationen werden verwendet, um Verweisstatistiken zu erstellen und die Gesamtzahl der Nutzer zu ermitteln, die auf eine entsprechende Anzeige geklickt haben und auf eine Seite mit einem Verweis-Tracking-Tag verwiesen wurden.<\/span><\/p><h2><span style=\"font-weight: 400;\">Webspace-Analyse<\/span><\/h2><p><span style=\"font-weight: 400;\">Wir ben\u00f6tigen statistische Informationen \u00fcber die Nutzung unserer Website, um sie besser zug\u00e4nglich zu machen, die Reichweite zu messen und Marktforschung zu betreiben.<\/span><\/p><p><span style=\"font-weight: 400;\">Zu diesem Zweck verwenden wir die in diesem Abschnitt beschriebenen Webanalysetools.<\/span><\/p><p><span style=\"font-weight: 400;\">Die von diesen Tools mit Hilfe von Analyse-Cookies oder durch Auswertung von Logfiles erstellten Nutzerprofile enthalten keine personenbezogenen Daten. Die Tools verwenden die IP-Adressen der Nutzer entweder gar nicht oder k\u00fcrzen sie sofort nach der Erfassung.<\/span><\/p><p><span style=\"font-weight: 400;\">Die Anbieter der Tools verarbeiten die Daten nur als Verarbeiter von personenbezogenen Daten nach unseren Weisungen und nicht f\u00fcr eigene Zwecke.<\/span><\/p><p><span style=\"font-weight: 400;\">Nachstehend finden Sie Informationen \u00fcber die einzelnen Anbieter von Tools und dar\u00fcber, wie Sie der Erhebung und Verarbeitung personenbezogener Daten durch das Tool widersprechen k\u00f6nnen.<\/span><\/p><p><span style=\"font-weight: 400;\">Bitte beachten Sie, dass bei Tools, die Opt-Out-Cookies verwenden, die Opt-Out-Funktion ger\u00e4te- oder browserspezifisch ist und daher f\u00fcr das aktuell verwendete Endger\u00e4t oder den Browser gilt. Wenn Sie mehrere Endger\u00e4te oder Browser verwenden, m\u00fcssen Sie die Opt-out-Funktion auf jedem Endger\u00e4t und in jedem verwendeten Browser ausw\u00e4hlen.<\/span><\/p><p><span style=\"font-weight: 400;\">Dar\u00fcber hinaus k\u00f6nnen Sie die Erstellung von Nutzerprofilen generell verhindern, indem Sie die Verwendung von Cookies deaktivieren.<\/span><\/p><h2><span style=\"font-weight: 400;\">Google Analytics<\/span><\/h2><p><span style=\"font-weight: 400;\">Google Analytics wird von der Google Inc. 1600 Amphitheatre Parkway, Mountain View, CA 94043, USA (\"Google\") bereitgestellt. Wir verwenden Google Analytics mit der von Google zus\u00e4tzlich angebotenen Funktion zur Anonymisierung von IP-Adressen. Google k\u00fcrzt die IP-Adresse bereits innerhalb der EU und nur in Ausnahmef\u00e4llen in den USA, in beiden F\u00e4llen werden nur gek\u00fcrzte IP-Adressen erfasst.<\/span><\/p><p><span style=\"font-weight: 400;\">Sie k\u00f6nnen der Erhebung und Verarbeitung Ihrer Daten widersprechen, indem Sie ein Browser-Plug-in von folgendem Link herunterladen und installieren: http:\/\/tools.google.com\/dlpage\/gaoptout?hl=en<\/span><\/p>\t\t\t\t\t\t\t\t<\/div>\n\t\t\t\t<\/div>\n\t\t\t\t\t<\/div>\n\t\t\t\t<\/div>\n\t\t\t\t\t<\/div>\n\t\t\t\t<\/div>\n\t\t\t\t<\/div>","protected":false},"excerpt":{"rendered":"<p>\u0411\u0438\u0441\u043a\u0432\u0438\u0442\u043a\u0438 \u041d\u0430\u0441\u0442\u043e\u044f\u0449\u0430\u0442\u0430 \u043f\u043e\u043b\u0438\u0442\u0438\u043a\u0430 \u0438\u043c\u0430 \u0437\u0430 \u0446\u0435\u043b \u0434\u0430 \u0412\u0438 \u0438\u043d\u0444\u043e\u0440\u043c\u0438\u0440\u0430 \u0437\u0430\u0449\u043e \u0438\u0437\u043f\u043e\u043b\u0437\u0432\u0430\u043c\u0435 \u201e\u0431\u0438\u0441\u043a\u0432\u0438\u0442\u043a\u0438\u0442\u0435\u201c, \u043a\u0430\u043a\u0432\u043e \u043f\u0440\u0430\u0432\u044f\u0442 \u0442\u0435 \u0438 \u043a\u0430\u043a\u0432\u0438 \u0438\u0437\u0431\u043e\u0440\u0438 \u0438\u043c\u0430\u0442\u0435 \u0432\u044a\u0432 \u0432\u0440\u044a\u0437\u043a\u0430 \u0441 \u0443\u043f\u043e\u0442\u0440\u0435\u0431\u0430\u0442\u0430 \u0438\u043c. \u041a\u0430\u043a\u0432\u043e \u043f\u0440\u0435\u0434\u0441\u0442\u0430\u0432\u043b\u044f\u0432\u0430\u0442 \u0431\u0438\u0441\u043a\u0432\u0438\u0442\u043a\u0438\u0442\u0435? \u0411\u0438\u0441\u043a\u0432\u0438\u0442\u043a\u0438\u0442\u0435 \u0441\u0430 \u043c\u0430\u043b\u043a\u0438 \u0442\u0435\u043a\u0441\u0442\u043e\u0432\u0438 \u0444\u0430\u0439\u043b\u043e\u0432\u0435, \u043a\u043e\u0438\u0442\u043e \u0441\u0435 \u0433\u0435\u043d\u0435\u0440\u0438\u0440\u0430\u0442 \u043f\u0440\u0438 \u0437\u0430\u044f\u0432\u043a\u0430 \u043e\u0442 \u0412\u0430\u0448\u0438\u044f \u0431\u0440\u0430\u0443\u0437\u044a\u0440 \u043a\u044a\u043c \u043d\u0430\u0448 web \u0441\u044a\u0440\u0432\u044a\u0440 \u0438 \u0441\u0435 \u0441\u044a\u0445\u0440\u0430\u043d\u044f\u0432\u0430\u0442 \u043d\u0430 \u0443\u0441\u0442\u0440\u043e\u0439\u0441\u0442\u0432\u043e\u0442\u043e \u0412\u0438. \u041e\u0431\u0438\u043a\u043d\u043e\u0432\u0435\u043d\u043e \u0446\u0435\u043b\u0442\u0430 \u0438\u043c \u0435 \u0434\u0430 [&hellip;]<\/p>","protected":false},"author":3,"featured_media":0,"parent":0,"menu_order":0,"comment_status":"closed","ping_status":"closed","template":"","meta":{"_acf_changed":false,"footnotes":""},"class_list":["post-567","page","type-page","status-publish","hentry"],"acf":[],"yoast_head":"<!-- This site is optimized with the Yoast SEO plugin v26.3 - https:\/\/yoast.com\/wordpress\/plugins\/seo\/ -->\n<title>\u0411\u0438\u0441\u043a\u0432\u0438\u0442\u043a\u0438 - Oncology.bg<\/title>\n<meta name=\"description\" content=\"\u0411\u0438\u0441\u043a\u0432\u0438\u0442\u043a\u0438 \u041d\u0430\u0441\u0442\u043e\u044f\u0449\u0430\u0442\u0430 \u043f\u043e\u043b\u0438\u0442\u0438\u043a\u0430 \u0438\u043c\u0430 \u0437\u0430 \u0446\u0435\u043b \u0434\u0430 \u0412\u0438 \u0438\u043d\u0444\u043e\u0440\u043c\u0438\u0440\u0430 \u0437\u0430\u0449\u043e \u0438\u0437\u043f\u043e\u043b\u0437\u0432\u0430\u043c\u0435 \u201e\u0431\u0438\u0441\u043a\u0432\u0438\u0442\u043a\u0438\u0442\u0435\u201c, \u043a\u0430\u043a\u0432\u043e \u043f\u0440\u0430\u0432\u044f\u0442 \u0442\u0435 \u0438 \u043a\u0430\u043a\u0432\u0438 \u0438\u0437\u0431\u043e\u0440\u0438 \u0438\u043c\u0430\u0442\u0435 \u0432\u044a\u0432 \u0432\u0440\u044a\u0437\u043a\u0430 \u0441 \u0443\u043f\u043e\u0442\u0440\u0435\u0431\u0430\u0442\u0430\" \/>\n<meta name=\"robots\" content=\"index, follow, max-snippet:-1, max-image-preview:large, max-video-preview:-1\" \/>\n<link rel=\"canonical\" href=\"https:\/\/oncology.bg\/de\/biskvitki\/\" \/>\n<meta property=\"og:locale\" content=\"de_DE\" \/>\n<meta property=\"og:type\" content=\"article\" \/>\n<meta property=\"og:title\" content=\"\u0411\u0438\u0441\u043a\u0432\u0438\u0442\u043a\u0438 - Oncology.bg\" \/>\n<meta property=\"og:description\" content=\"\u0411\u0438\u0441\u043a\u0432\u0438\u0442\u043a\u0438 \u041d\u0430\u0441\u0442\u043e\u044f\u0449\u0430\u0442\u0430 \u043f\u043e\u043b\u0438\u0442\u0438\u043a\u0430 \u0438\u043c\u0430 \u0437\u0430 \u0446\u0435\u043b \u0434\u0430 \u0412\u0438 \u0438\u043d\u0444\u043e\u0440\u043c\u0438\u0440\u0430 \u0437\u0430\u0449\u043e \u0438\u0437\u043f\u043e\u043b\u0437\u0432\u0430\u043c\u0435 \u201e\u0431\u0438\u0441\u043a\u0432\u0438\u0442\u043a\u0438\u0442\u0435\u201c, \u043a\u0430\u043a\u0432\u043e \u043f\u0440\u0430\u0432\u044f\u0442 \u0442\u0435 \u0438 \u043a\u0430\u043a\u0432\u0438 \u0438\u0437\u0431\u043e\u0440\u0438 \u0438\u043c\u0430\u0442\u0435 \u0432\u044a\u0432 \u0432\u0440\u044a\u0437\u043a\u0430 \u0441 \u0443\u043f\u043e\u0442\u0440\u0435\u0431\u0430\u0442\u0430\" \/>\n<meta property=\"og:url\" content=\"https:\/\/oncology.bg\/de\/biskvitki\/\" \/>\n<meta property=\"og:site_name\" content=\"Oncology.bg\" \/>\n<meta property=\"article:modified_time\" content=\"2024-02-20T08:10:48+00:00\" \/>\n<meta name=\"twitter:card\" content=\"summary_large_image\" \/>\n<script type=\"application\/ld+json\" class=\"yoast-schema-graph\">{\"@context\":\"https:\/\/schema.org\",\"@graph\":[{\"@type\":\"WebPage\",\"@id\":\"https:\/\/oncology.bg\/biskvitki\/\",\"url\":\"https:\/\/oncology.bg\/biskvitki\/\",\"name\":\"\u0411\u0438\u0441\u043a\u0432\u0438\u0442\u043a\u0438 - Oncology.bg\",\"isPartOf\":{\"@id\":\"https:\/\/oncology.bg\/#website\"},\"datePublished\":\"2024-02-20T08:05:47+00:00\",\"dateModified\":\"2024-02-20T08:10:48+00:00\",\"description\":\"\u0411\u0438\u0441\u043a\u0432\u0438\u0442\u043a\u0438 \u041d\u0430\u0441\u0442\u043e\u044f\u0449\u0430\u0442\u0430 \u043f\u043e\u043b\u0438\u0442\u0438\u043a\u0430 \u0438\u043c\u0430 \u0437\u0430 \u0446\u0435\u043b \u0434\u0430 \u0412\u0438 \u0438\u043d\u0444\u043e\u0440\u043c\u0438\u0440\u0430 \u0437\u0430\u0449\u043e \u0438\u0437\u043f\u043e\u043b\u0437\u0432\u0430\u043c\u0435 \u201e\u0431\u0438\u0441\u043a\u0432\u0438\u0442\u043a\u0438\u0442\u0435\u201c, \u043a\u0430\u043a\u0432\u043e \u043f\u0440\u0430\u0432\u044f\u0442 \u0442\u0435 \u0438 \u043a\u0430\u043a\u0432\u0438 \u0438\u0437\u0431\u043e\u0440\u0438 \u0438\u043c\u0430\u0442\u0435 \u0432\u044a\u0432 \u0432\u0440\u044a\u0437\u043a\u0430 \u0441 \u0443\u043f\u043e\u0442\u0440\u0435\u0431\u0430\u0442\u0430\",\"breadcrumb\":{\"@id\":\"https:\/\/oncology.bg\/biskvitki\/#breadcrumb\"},\"inLanguage\":\"de\",\"potentialAction\":[{\"@type\":\"ReadAction\",\"target\":[\"https:\/\/oncology.bg\/biskvitki\/\"]}]},{\"@type\":\"BreadcrumbList\",\"@id\":\"https:\/\/oncology.bg\/biskvitki\/#breadcrumb\",\"itemListElement\":[{\"@type\":\"ListItem\",\"position\":1,\"name\":\"Home\",\"item\":\"https:\/\/oncology.bg\/\"},{\"@type\":\"ListItem\",\"position\":2,\"name\":\"\u0411\u0438\u0441\u043a\u0432\u0438\u0442\u043a\u0438\"}]},{\"@type\":\"WebSite\",\"@id\":\"https:\/\/oncology.bg\/#website\",\"url\":\"https:\/\/oncology.bg\/\",\"name\":\"Oncology.bg\",\"description\":\"\",\"publisher\":{\"@id\":\"https:\/\/oncology.bg\/#organization\"},\"potentialAction\":[{\"@type\":\"SearchAction\",\"target\":{\"@type\":\"EntryPoint\",\"urlTemplate\":\"https:\/\/oncology.bg\/?s={search_term_string}\"},\"query-input\":{\"@type\":\"PropertyValueSpecification\",\"valueRequired\":true,\"valueName\":\"search_term_string\"}}],\"inLanguage\":\"de\"},{\"@type\":\"Organization\",\"@id\":\"https:\/\/oncology.bg\/#organization\",\"name\":\"Oncology.bg\",\"url\":\"https:\/\/oncology.bg\/\",\"logo\":{\"@type\":\"ImageObject\",\"inLanguage\":\"de\",\"@id\":\"https:\/\/oncology.bg\/#\/schema\/logo\/image\/\",\"url\":\"https:\/\/oncology.bg\/wp-content\/uploads\/2024\/01\/oncology-logo.svg\",\"contentUrl\":\"https:\/\/oncology.bg\/wp-content\/uploads\/2024\/01\/oncology-logo.svg\",\"width\":523,\"height\":124,\"caption\":\"Oncology.bg\"},\"image\":{\"@id\":\"https:\/\/oncology.bg\/#\/schema\/logo\/image\/\"}}]}<\/script>\n<!-- \/ Yoast SEO plugin. -->","yoast_head_json":{"title":"\u0411\u0438\u0441\u043a\u0432\u0438\u0442\u043a\u0438 - Oncology.bg","description":"\u0411\u0438\u0441\u043a\u0432\u0438\u0442\u043a\u0438 \u041d\u0430\u0441\u0442\u043e\u044f\u0449\u0430\u0442\u0430 \u043f\u043e\u043b\u0438\u0442\u0438\u043a\u0430 \u0438\u043c\u0430 \u0437\u0430 \u0446\u0435\u043b \u0434\u0430 \u0412\u0438 \u0438\u043d\u0444\u043e\u0440\u043c\u0438\u0440\u0430 \u0437\u0430\u0449\u043e \u0438\u0437\u043f\u043e\u043b\u0437\u0432\u0430\u043c\u0435 \u201e\u0431\u0438\u0441\u043a\u0432\u0438\u0442\u043a\u0438\u0442\u0435\u201c, \u043a\u0430\u043a\u0432\u043e \u043f\u0440\u0430\u0432\u044f\u0442 \u0442\u0435 \u0438 \u043a\u0430\u043a\u0432\u0438 \u0438\u0437\u0431\u043e\u0440\u0438 \u0438\u043c\u0430\u0442\u0435 \u0432\u044a\u0432 \u0432\u0440\u044a\u0437\u043a\u0430 \u0441 \u0443\u043f\u043e\u0442\u0440\u0435\u0431\u0430\u0442\u0430","robots":{"index":"index","follow":"follow","max-snippet":"max-snippet:-1","max-image-preview":"max-image-preview:large","max-video-preview":"max-video-preview:-1"},"canonical":"https:\/\/oncology.bg\/de\/biskvitki\/","og_locale":"de_DE","og_type":"article","og_title":"\u0411\u0438\u0441\u043a\u0432\u0438\u0442\u043a\u0438 - Oncology.bg","og_description":"\u0411\u0438\u0441\u043a\u0432\u0438\u0442\u043a\u0438 \u041d\u0430\u0441\u0442\u043e\u044f\u0449\u0430\u0442\u0430 \u043f\u043e\u043b\u0438\u0442\u0438\u043a\u0430 \u0438\u043c\u0430 \u0437\u0430 \u0446\u0435\u043b \u0434\u0430 \u0412\u0438 \u0438\u043d\u0444\u043e\u0440\u043c\u0438\u0440\u0430 \u0437\u0430\u0449\u043e \u0438\u0437\u043f\u043e\u043b\u0437\u0432\u0430\u043c\u0435 \u201e\u0431\u0438\u0441\u043a\u0432\u0438\u0442\u043a\u0438\u0442\u0435\u201c, \u043a\u0430\u043a\u0432\u043e \u043f\u0440\u0430\u0432\u044f\u0442 \u0442\u0435 \u0438 \u043a\u0430\u043a\u0432\u0438 \u0438\u0437\u0431\u043e\u0440\u0438 \u0438\u043c\u0430\u0442\u0435 \u0432\u044a\u0432 \u0432\u0440\u044a\u0437\u043a\u0430 \u0441 \u0443\u043f\u043e\u0442\u0440\u0435\u0431\u0430\u0442\u0430","og_url":"https:\/\/oncology.bg\/de\/biskvitki\/","og_site_name":"Oncology.bg","article_modified_time":"2024-02-20T08:10:48+00:00","twitter_card":"summary_large_image","schema":{"@context":"https:\/\/schema.org","@graph":[{"@type":"WebPage","@id":"https:\/\/oncology.bg\/biskvitki\/","url":"https:\/\/oncology.bg\/biskvitki\/","name":"\u0411\u0438\u0441\u043a\u0432\u0438\u0442\u043a\u0438 - Oncology.bg","isPartOf":{"@id":"https:\/\/oncology.bg\/#website"},"datePublished":"2024-02-20T08:05:47+00:00","dateModified":"2024-02-20T08:10:48+00:00","description":"\u0411\u0438\u0441\u043a\u0432\u0438\u0442\u043a\u0438 \u041d\u0430\u0441\u0442\u043e\u044f\u0449\u0430\u0442\u0430 \u043f\u043e\u043b\u0438\u0442\u0438\u043a\u0430 \u0438\u043c\u0430 \u0437\u0430 \u0446\u0435\u043b \u0434\u0430 \u0412\u0438 \u0438\u043d\u0444\u043e\u0440\u043c\u0438\u0440\u0430 \u0437\u0430\u0449\u043e \u0438\u0437\u043f\u043e\u043b\u0437\u0432\u0430\u043c\u0435 \u201e\u0431\u0438\u0441\u043a\u0432\u0438\u0442\u043a\u0438\u0442\u0435\u201c, \u043a\u0430\u043a\u0432\u043e \u043f\u0440\u0430\u0432\u044f\u0442 \u0442\u0435 \u0438 \u043a\u0430\u043a\u0432\u0438 \u0438\u0437\u0431\u043e\u0440\u0438 \u0438\u043c\u0430\u0442\u0435 \u0432\u044a\u0432 \u0432\u0440\u044a\u0437\u043a\u0430 \u0441 \u0443\u043f\u043e\u0442\u0440\u0435\u0431\u0430\u0442\u0430","breadcrumb":{"@id":"https:\/\/oncology.bg\/biskvitki\/#breadcrumb"},"inLanguage":"de","potentialAction":[{"@type":"ReadAction","target":["https:\/\/oncology.bg\/biskvitki\/"]}]},{"@type":"BreadcrumbList","@id":"https:\/\/oncology.bg\/biskvitki\/#breadcrumb","itemListElement":[{"@type":"ListItem","position":1,"name":"Home","item":"https:\/\/oncology.bg\/"},{"@type":"ListItem","position":2,"name":"\u0411\u0438\u0441\u043a\u0432\u0438\u0442\u043a\u0438"}]},{"@type":"WebSite","@id":"https:\/\/oncology.bg\/#website","url":"https:\/\/oncology.bg\/","name":"Oncology.bg","description":"","publisher":{"@id":"https:\/\/oncology.bg\/#organization"},"potentialAction":[{"@type":"SearchAction","target":{"@type":"EntryPoint","urlTemplate":"https:\/\/oncology.bg\/?s={search_term_string}"},"query-input":{"@type":"PropertyValueSpecification","valueRequired":true,"valueName":"search_term_string"}}],"inLanguage":"de"},{"@type":"Organization","@id":"https:\/\/oncology.bg\/#organization","name":"Oncology.bg","url":"https:\/\/oncology.bg\/","logo":{"@type":"ImageObject","inLanguage":"de","@id":"https:\/\/oncology.bg\/#\/schema\/logo\/image\/","url":"https:\/\/oncology.bg\/wp-content\/uploads\/2024\/01\/oncology-logo.svg","contentUrl":"https:\/\/oncology.bg\/wp-content\/uploads\/2024\/01\/oncology-logo.svg","width":523,"height":124,"caption":"Oncology.bg"},"image":{"@id":"https:\/\/oncology.bg\/#\/schema\/logo\/image\/"}}]}},"_links":{"self":[{"href":"https:\/\/oncology.bg\/de\/wp-json\/wp\/v2\/pages\/567","targetHints":{"allow":["GET"]}}],"collection":[{"href":"https:\/\/oncology.bg\/de\/wp-json\/wp\/v2\/pages"}],"about":[{"href":"https:\/\/oncology.bg\/de\/wp-json\/wp\/v2\/types\/page"}],"author":[{"embeddable":true,"href":"https:\/\/oncology.bg\/de\/wp-json\/wp\/v2\/users\/3"}],"replies":[{"embeddable":true,"href":"https:\/\/oncology.bg\/de\/wp-json\/wp\/v2\/comments?post=567"}],"version-history":[{"count":10,"href":"https:\/\/oncology.bg\/de\/wp-json\/wp\/v2\/pages\/567\/revisions"}],"predecessor-version":[{"id":579,"href":"https:\/\/oncology.bg\/de\/wp-json\/wp\/v2\/pages\/567\/revisions\/579"}],"wp:attachment":[{"href":"https:\/\/oncology.bg\/de\/wp-json\/wp\/v2\/media?parent=567"}],"curies":[{"name":"wp","href":"https:\/\/api.w.org\/{rel}","templated":true}]}}